{"id":822,"date":"2013-06-29T12:09:57","date_gmt":"2013-06-29T18:09:57","guid":{"rendered":"http:\/\/www.kidsoncomputers.org\/?page_id=822"},"modified":"2015-01-07T17:32:20","modified_gmt":"2015-01-07T17:32:20","slug":"colegio-britanico-seccion-primeria","status":"publish","type":"page","link":"http:\/\/test.kidsoncomputers.org\/?page_id=822","title":{"rendered":"Colegio Britanico secci\u00f3n Primeria"},"content":{"rendered":"<p><a href=\"http:\/\/www.kidsoncomputers.org\/wp-content\/uploads\/2013\/06\/Foto0524.jpg\"><img loading=\"lazy\" decoding=\"async\" class=\"alignleft size-medium wp-image-903\" src=\"http:\/\/www.kidsoncomputers.org\/wp-content\/uploads\/2013\/06\/Foto0524-300x219.jpg\" alt=\"Foto0524\" width=\"276\" height=\"202\" \/><\/a>Colegio Britanico has two locations in the city of Tehuac\u00e1n, Puebla, Mexico. Secci\u00f3n Primeria is the elementary school for grades 1 through 6. Colegio Britanico Secci\u00f3n Jardin des Ni\u00f1os, in a location about 3 km distant from Secci\u00f3n Primeria, is the equivalent of kindergarten. There are about 140 children in the kindergarten and 90 students in the Secci\u00f3n Primeria. Scholarships are available to children whose families cannot afford the tuition. Most students continue on to middle school.<\/p>\n<p style=\"text-align: left;\"><a href=\"http:\/\/www.kidsoncomputers.org\/wp-content\/uploads\/2013\/06\/Christmas-Laptops.jpg\"><img loading=\"lazy\" decoding=\"async\" class=\"alignright size-medium wp-image-901\" src=\"http:\/\/www.kidsoncomputers.org\/wp-content\/uploads\/2013\/06\/Christmas-Laptops-275x300.jpg\" alt=\"Christmas Laptops\" width=\"187\" height=\"205\" \/><\/a>Kids on Computers learned of Colegio Britanico in 2011. We had just received a donation of 70 laptop computers and determined they would be a good fit for Colegio Britanico\u2019s needs. We set a goal to get as many as possible ready to deliver by Christmas. This photo shows some of the laptops, still in their shipping boxes and ready to configure, under a Christmas tree.<\/p>\n<p>&nbsp;<\/p>\n<p style=\"text-align: left;\"><a href=\"http:\/\/www.kidsoncomputers.org\/wp-content\/uploads\/2013\/06\/Foto0511.jpg\"><img loading=\"lazy\" decoding=\"async\" class=\"alignright size-medium wp-image-906\" src=\"http:\/\/www.kidsoncomputers.org\/wp-content\/uploads\/2013\/06\/Foto0511-300x204.jpg\" alt=\"Foto0511\" width=\"300\" height=\"204\" \/><\/a>Colegio Britanico received the first six laptops in January 2012. They now have a total of nineteen laptops donated by Kids on Computers. All have been hand carried from Colorado to the school by friends and family of the school directors.<\/p>\n<p>&nbsp;<\/p>\n<p><a href=\"http:\/\/www.kidsoncomputers.org\/wp-content\/uploads\/2013\/06\/Colegio-Britanico-05.jpg\"><img loading=\"lazy\" decoding=\"async\" class=\"alignleft size-thumbnail wp-image-902\" src=\"http:\/\/www.kidsoncomputers.org\/wp-content\/uploads\/2013\/06\/Colegio-Britanico-05-150x150.jpg\" alt=\"Colegio Britanico 05\" width=\"207\" height=\"207\" \/><\/a><\/p>\n<p><a href=\"http:\/\/www.kidsoncomputers.org\/wp-content\/uploads\/2013\/06\/Foto0519.jpg\"><img loading=\"lazy\" decoding=\"async\" class=\"alignright size-thumbnail wp-image-905\" title=\"Primar School Students\" src=\"http:\/\/www.kidsoncomputers.org\/wp-content\/uploads\/2013\/06\/Foto0519-150x150.jpg\" alt=\"Primary School students studying astronomy\" width=\"205\" height=\"205\" \/><\/a><\/p>\n<p>&nbsp;<\/p>\n<p>&nbsp;<\/p>\n<p>&nbsp;<\/p>\n<p>&nbsp;<\/p>\n<p>&nbsp;<\/p>\n<p>&nbsp;<\/p>\n<p><a href=\"http:\/\/www.kidsoncomputers.org\/wp-content\/uploads\/2013\/06\/photo-5.jpg\"><img loading=\"lazy\" decoding=\"async\" class=\"alignleft size-thumbnail wp-image-904\" src=\"http:\/\/www.kidsoncomputers.org\/wp-content\/uploads\/2013\/06\/photo-5-150x150.jpg\" alt=\"photo 5\" width=\"178\" height=\"178\" \/><\/a><a href=\"http:\/\/www.kidsoncomputers.org\/wp-content\/uploads\/2013\/06\/photo-2.jpg\"><img loading=\"lazy\" decoding=\"async\" class=\"alignright size-thumbnail wp-image-907\" src=\"http:\/\/www.kidsoncomputers.org\/wp-content\/uploads\/2013\/06\/photo-2-150x150.jpg\" alt=\"Pre-schooler 01\" width=\"181\" height=\"181\" \/><\/a><\/p>\n<p style=\"text-align: center;\">Students of all ages are fascinated by what the computers can do for them.<\/p>\n<p><a href=\"http:\/\/www.kidsoncomputers.org\/wp-content\/uploads\/2013\/06\/photo-3.jpg\"><img loading=\"lazy\" decoding=\"async\" class=\"size-thumbnail wp-image-908 alignleft\" src=\"http:\/\/www.kidsoncomputers.org\/wp-content\/uploads\/2013\/06\/photo-3-150x150.jpg\" alt=\"photo 3\" width=\"91\" height=\"91\" \/><\/a><\/p>\n<p>&nbsp;<\/p>\n<p>&nbsp;<\/p>\n<p>Kids on Computers has received several notes from children, parents and school staff expressing appreciation for their computers.<\/p>\n<p>&nbsp;<\/p>\n<p><em>&#8220;These computers will make a huge change in the students&#8217; lives&#8230;&#8221;<\/em><\/p>\n<p><em>&#8220;I have no words to express my gratefulness to Kids on Computers for giving the opportunity of Colegio Britanico to have access to free computers&#8230;&#8221;<\/em><\/p>\n<p><em>&#8220;I thank you very much for helping me provide my students with important tools for their elementary education.&#8221;<\/em><\/p>\n<p>&nbsp;<\/p>\n<p>The success of the Colegio Britanico computer classes inspired a financial donation from the Parents Board to purchase more computers locally for the Secci\u00f3n Primeria.<\/p>\n","protected":false},"excerpt":{"rendered":"<p>Colegio Britanico has two locations in the city of Tehuac\u00e1n, Puebla, Mexico. Secci\u00f3n Primeria is the elementary school for grades 1 through 6. Colegio Britanico Secci\u00f3n Jardin des Ni\u00f1os, in a location about 3 km distant from Secci\u00f3n Primeria, is the equivalent of kindergarten. There are about 140 children in the kindergarten and 90 students&#8230;<\/p>\n","protected":false},"author":1,"featured_media":0,"parent":813,"menu_order":0,"comment_status":"open","ping_status":"open","template":"","meta":{"footnotes":""},"class_list":["post-822","page","type-page","status-publish","hentry"],"_links":{"self":[{"href":"http:\/\/test.kidsoncomputers.org\/index.php?rest_route=\/wp\/v2\/pages\/822","targetHints":{"allow":["GET"]}}],"collection":[{"href":"http:\/\/test.kidsoncomputers.org\/index.php?rest_route=\/wp\/v2\/pages"}],"about":[{"href":"http:\/\/test.kidsoncomputers.org\/index.php?rest_route=\/wp\/v2\/types\/page"}],"author":[{"embeddable":true,"href":"http:\/\/test.kidsoncomputers.org\/index.php?rest_route=\/wp\/v2\/users\/1"}],"replies":[{"embeddable":true,"href":"http:\/\/test.kidsoncomputers.org\/index.php?rest_route=%2Fwp%2Fv2%2Fcomments&post=822"}],"version-history":[{"count":1,"href":"http:\/\/test.kidsoncomputers.org\/index.php?rest_route=\/wp\/v2\/pages\/822\/revisions"}],"predecessor-version":[{"id":1737,"href":"http:\/\/test.kidsoncomputers.org\/index.php?rest_route=\/wp\/v2\/pages\/822\/revisions\/1737"}],"up":[{"embeddable":true,"href":"http:\/\/test.kidsoncomputers.org\/index.php?rest_route=\/wp\/v2\/pages\/813"}],"wp:attachment":[{"href":"http:\/\/test.kidsoncomputers.org\/index.php?rest_route=%2Fwp%2Fv2%2Fmedia&parent=822"}],"curies":[{"name":"wp","href":"https:\/\/api.w.org\/{rel}","templated":true}]}}